{"id":32,"date":"2026-02-07T14:56:58","date_gmt":"2026-02-07T13:56:58","guid":{"rendered":"https:\/\/l-pec.dynv6.net\/?page_id=32"},"modified":"2026-03-31T06:58:40","modified_gmt":"2026-03-31T04:58:40","slug":"articles-de-presse","status":"publish","type":"page","link":"https:\/\/l-pec.dynv6.net\/index.php\/articles-de-presse\/","title":{"rendered":"Articles de presse"},"content":{"rendered":"\n<p>31 mars 2026, L\u00e9man bleu: <a href=\"https:\/\/www.lemanbleu.ch\/\/fr\/Actualites\/Geneve\/Prime-Energy-Le-conte-de-Faeh-se-poursuit.html\">Prime Energy : Le conte de F\u00e4h se poursuit<\/a><\/p>\n\n\n\n<p>27 mars 2026, 20 Minutes: <a href=\"https:\/\/www.20min.ch\/fr\/story\/arc-lemanique-la-soeur-du-proprietaire-de-primeenergy-placee-en-detention-103535455\">La s\u0153ur du propri\u00e9taire de PrimeEnergy plac\u00e9e en d\u00e9tention<\/a><\/p>\n\n\n\n<p>22 mars2026, 20 Minutes: <a href=\"https:\/\/www.20min.ch\/fr\/story\/debacle-de-primeenergy-l-actionnaire-principal-en-bien-mauvaise-posture-103531420\">L\u2019actionnaire principal en bien mauvaise posture<\/a><\/p>\n\n\n\n<p>22 mars 2026, Tribune de Gen\u00e8ve: <a href=\"https:\/\/www.tdg.ch\/scandale-primeenergy-nouvelles-charges-contre-lactionnaire-principal-162904522071\">L\u2019\u00e9tau se resserre sur l\u2019actionnaire principal de PrimeEnergy<\/a><\/p>\n\n\n\n<p>13 mars 2026, <a href=\"https:\/\/www.letemps.ch\/economie\/finance\/le-proprietaire-de-primeenergy-soupconne-d-avoir-tente-de-mettre-des-actifs-a-l-abri\">Le Temps<\/a><\/p>\n\n\n\n<p>12 mars 2026, 24 heures: <a href=\"https:\/\/www.24heures.ch\/primeenergy-les-coulisses-du-demarchage-massif-des-retraites-910917070321\">Dans les coulisses du d\u00e9marchage des retrait\u00e9s chez PrimeEnergy<\/a><\/p>\n\n\n\n<p>15 f\u00e9vrier 2026, <a href=\"https:\/\/www.watson.ch\/fr\/suisse\/economie\/652622293-la-finma-surveille-prime-energy-durant-des-annees\">Watson: L&rsquo;entreprise promue par Bertrand Piccard \u00e9tait surveill\u00e9e<\/a><\/p>\n\n\n\n<p>21 janvier 2026, 24 Heures: <strong><a href=\"https:\/\/www.24heures.ch\/primeenergy-montages-financiers-et-factures-posthumes-reveles-655919866262\">Les bricolages comptables avant l\u2019effondrement de PrimeEnergy r\u00e9v\u00e9l\u00e9s<\/a><\/strong><\/p>\n\n\n\n<p>29 d\u00e9cembre 2025, Watson: <a href=\"https:\/\/www.watson.ch\/fr\/suisse\/climat\/569281485-comment-prime-energy-ternit-la-reputation-de-bertrand-piccard\">On en sait plus sur la faillite qui a co\u00fbt\u00e9 cher \u00e0 Bertrand Piccard<\/a><\/p>\n\n\n\n<p>15 d\u00e9cembre 2025, <a href=\"https:\/\/www.letemps.ch\/economie\/finance\/l-usine-a-gaz-de-primeenergy-expliquee-par-ses-ex-patrons\">Le Temps: L\u2019usine \u00e0 gaz de PrimeEnergy expliqu\u00e9e par ses ex-patrons<\/a><\/p>\n\n\n\n<p>15 d\u00e9cembre 2025, Blick:<a href=\"https:\/\/www.blick.ch\/fr\/suisse\/suisse-largent-des-investisseurs-de-primeenergy-etait-detourne-id21518146.html\">Les investisseurs de PrimeEnergy finan\u00e7aient sans le savoir le cannabis<\/a><\/p>\n\n\n\n<p>13 d\u00e9cembre 2025, 20 minutes: <a href=\"https:\/\/www.20min.ch\/fr\/story\/arc-lemanique-l-insoutenable-legerete-des-dirigeants-de-primeenergy-103469216\">L\u2019insoutenable l\u00e9g\u00e8ret\u00e9 des dirigeants de PrimeEnergy<\/a><\/p>\n\n\n\n<p>29 octobre 2025, Actupourtous: <a href=\"https:\/\/actupourtous.fr\/faillite-de-primeenergy-cleantech-des-creanciers-confrontes-a-des-pertes-importantes-et-a-un-processus-judiciaire-complexe\/\">Faillite de PrimeEnergy Cleantech : des cr\u00e9anciers confront\u00e9s \u00e0 des pertes importantes et \u00e0 un processus judiciaire complexe<\/a><\/p>\n\n\n\n<p>28 octobre 2025: <a href=\"https:\/\/www.letemps.ch\/economie\/faillite-de-primeenergy-les-victimes-peuvent-esperer-recuperer-20-a-40-de-leur-mise\">Faillite de PrimeEnergy: les victimes peuvent esp\u00e9rer r\u00e9cup\u00e9rer 20 \u00e0 40% de leur mise<\/a><\/p>\n\n\n\n<p>1 octobre 2025: <a href=\"https:\/\/www.rts.ch\/info\/economie\/2025\/article\/arrestations-dans-l-affaire-primeenergy-deux-ex-dirigeants-soupconnes-de-fraude-29014983.html\">Deux ex-responsables de PrimeEnergy Cleantech arr\u00eat\u00e9s pour fraude pr\u00e9sum\u00e9e<\/a><\/p>\n\n\n\n<p>28 ao\u00fbt 2025, 20 Minutes:&nbsp;<a href=\"https:\/\/www.20min.ch\/fr\/story\/geneve-debacle-de-primeenergy-le-parquet-met-les-bouchees-triples-103405053\">D\u00e9b\u00e2cle de PrimeEnergy: le Parquet met les bouch\u00e9es triples<\/a><\/p>\n\n\n\n<p>17 juin 2025, L\u00e9man bleu:&nbsp;<a href=\"https:\/\/www.lemanbleu.ch\/fr\/Actualites\/Geneve\/Prime-Energy-Geneve-contrainte-d-enqueter-les-victimes-inquietes.html\">Prime Energy: Gen\u00e8ve contrainte d\u2019enqu\u00eater, les victimes inqui\u00e8tes<\/a><\/p>\n\n\n\n<p>16 juin 2025, 20 Minutes:&nbsp;<a href=\"https:\/\/www.20min.ch\/fr\/story\/debacle-de-primeenergy-bale-et-geneve-ont-tout-tente-pour-ne-pas-toucher-au-dossier-103363329\">B\u00e2le et Gen\u00e8ve ont tout tent\u00e9 pour ne pas toucher au dossier<\/a><\/p>\n\n\n\n<p>7 juin 2025, 24 heures:&nbsp;<a href=\"https:\/\/www.24heures.ch\/primeenergy-lenquete-sur-la-debacle-sera-geree-par-geneve-494194289679\">Gen\u00e8ve h\u00e9rite de l\u2019enqu\u00eate p\u00e9nale sur la d\u00e9b\u00e2cle PrimeEnergy<\/a><\/p>\n\n\n\n<p>6 juin 2025. Tribune de Gen\u00e8ve:&nbsp;<a href=\"https:\/\/www.tdg.ch\/primeenergy-lenquete-sur-la-debacle-sera-geree-par-geneve-494194289679\">Gen\u00e8ve h\u00e9rite de l\u2019enqu\u00eate p\u00e9nale sur la d\u00e9b\u00e2cle PrimeEnergy<\/a><\/p>\n\n\n\n<p>6 juin 2025, Le Temps:&nbsp;<a href=\"https:\/\/www.letemps.ch\/suisse\/geneve\/le-ministere-public-genevois-va-mener-l-enquete-sur-la-faillite-de-primeenergy\">Le Minist\u00e8re public genevois va mener l\u2019enqu\u00eate sur la faillite de PrimeEnergy<\/a><\/p>\n\n\n\n<p>6 juin 2025, L\u2019Agefi:&nbsp;<a href=\"https:\/\/agefi.com\/actualites\/entreprises\/le-ministere-public-genevois-charge-denqueter-sur-primeenergy-cleantech?updatedprefs=true\">Le Minist\u00e8re public genevois charg\u00e9 d\u2019enqu\u00eater sur PrimeEnergy Cleantech<\/a><\/p>\n\n\n\n<p>6 juin 2025, Le Blick:&nbsp;<a href=\"https:\/\/www.blick.ch\/fr\/suisse\/romande\/des-centaines-de-romands-floues-la-justice-genevoise-menera-lenquete-sur-la-faillite-de-primeenergy-cleantech-id20939404.html\">La justice genevoise m\u00e8nera l\u2019enqu\u00eate sur la faillite de PrimeEnergy Cleantech<\/a><\/p>\n\n\n\n<p>6 juin 2025, 20 Minutes:&nbsp;<a href=\"https:\/\/www.20min.ch\/fr\/story\/arc-lemanique-debacle-de-primeenergy-l-affaire-sera-jugee-a-geneve-103359494\">D\u00e9b\u00e2cle de PrimeEnergy: l\u2019affaire sera jug\u00e9e \u00e0 Gen\u00e8ve<\/a><\/p>\n\n\n\n<p>5 juin 2025, L\u00e9man Bleu:&nbsp;<a href=\"https:\/\/www.lemanbleu.ch\/fr\/Actualites\/Geneve\/Prime-Energy-le-Tribunal-penal-federal-a-designe-Geneve-pour-mener-l-enquete.html\">Prime Energy: le Tribunal p\u00e9nal f\u00e9d\u00e9ral a d\u00e9sign\u00e9 Gen\u00e8ve pour mener l\u2019enqu\u00eate<\/a><\/p>\n\n\n\n<p>25 mars 2025, 20 minutes:&nbsp;<a href=\"https:\/\/www.20min.ch\/fr\/story\/debacle-de-primeenergy-les-justices-genevoises-et-baloises-se-refilent-la-patate-chaude-103310653\">Les justices genevoises et b\u00e2loises se refilent la patate chaude<\/a><\/p>\n\n\n\n<p>25 mars 2025, L\u00e9man bleu:&nbsp;<a href=\"https:\/\/www.lemanbleu.ch\/fr\/Actualites\/Geneve\/PrimeEnergy-la-justice-refuse-de-defendre-les-petits-epargnants.html\">PrimeEnergy: la justice refuse de d\u00e9fendre les petits \u00e9pargnants<\/a><\/p>\n\n\n\n<p>31 janvier 2025, 20 minutes:&nbsp;<a href=\"https:\/\/www.20min.ch\/fr\/story\/debacle-de-primeenergy-le-gendarme-financier-suisse-castre-par-la-culture-du-secret-103272072\">Le gendarme financier suisse castr\u00e9 par la culture du secret<\/a><\/p>\n\n\n\n<p>27 janvier 2025, 20 minutes:&nbsp;<a href=\"https:\/\/www.20min.ch\/fr\/story\/economie-le-gendarme-financier-suisse-tres-severe-avec-primeenergy-103268498\">Le gendarme financier suisse tr\u00e8s s\u00e9v\u00e8re avec PrimeEnergy<\/a><\/p>\n\n\n\n<p>13 janvier 2025, Le temps:&nbsp;<a href=\"https:\/\/www.letemps.ch\/economie\/finance\/primeenergy-les-reves-de-grandeur-la-liquidation-et-le-marabout\">PrimeEnergy, les r\u00eaves de grandeur, la liquidation et le marabout<\/a><\/p>\n\n\n\n<p>6 janvier 2025, GHI:&nbsp;<a href=\"https:\/\/ghi.ch\/articles\/le-desarroi-des-petits-epargnants-romands-apres-une-faillite-retentissante?fbclid=IwZXh0bgNhZW0CMTEAAR17zYdM5bApUrcTkTw5jzgCC6-oxdivsDriZYS50S7eV9sokzsdEXklyiU_aem_JHoFM0rr6nuQbzk2LRfOyw\">Le d\u00e9sarroi des petits \u00e9pargnants romands apr\u00e8s une faillite retentissante<\/a><\/p>\n\n\n\n<p>14 d\u00e9cembre, Le Temps:&nbsp;<a href=\"https:\/\/www.letemps.ch\/economie\/bertrand-piccard-je-n-ai-jamais-eu-acces-aux-chiffres-de-primeenergy-cleantech\">Bertrand Piccard: \u00abJe n\u2019ai jamais eu acc\u00e8s aux chiffres de PrimeEnergy Cleantech\u00bb<\/a><\/p>\n\n\n\n<p>13 d\u00e9cembre, monargentmag.ch :&nbsp;<a href=\"https:\/\/www.monargentmag.ch\/actu-eco\/detail\/article-detail\/grosses-pertes-personnelles-en-vue-a-cause-dune-faillite\">Grosses pertes personnelles en vue \u00e0 cause d\u2019une faillite<\/a><\/p>\n\n\n\n<p>13 d\u00e9cembre, 20 Minutes:&nbsp;<a href=\"https:\/\/www.20min.ch\/fr\/story\/geneve-geneve-veut-favoriser-l-installation-des-panneaux-solaires-103239276\">Gen\u00e8ve veut favoriser l\u2019installation des panneaux solaires<\/a><\/p>\n\n\n\n<p>1 d\u00e9cembre, Agefi:&nbsp;<a href=\"https:\/\/agefi.com\/actualites\/partners\/energie-solaire-un-electron-sous-contrat-1\">\u00c9nergie solaire : Un \u00e9lectron sous contrat<\/a><\/p>\n\n\n\n<p>1 d\u00e9cembre, Tribune de Gen\u00e8ve:&nbsp;<a href=\"https:\/\/www.tdg.ch\/du-solaire-a-limmobilier-la-fuite-en-avant-de-primeenergy-270366409173\">Comment PrimeEnergy a englouti l\u2019argent des \u00e9pargnants romands<\/a><\/p>\n\n\n\n<p>30 novembre, Watson:&nbsp;<a href=\"https:\/\/www.watson.ch\/fr\/suisse\/energie\/264084961-primeenergy-cleantech-avec-pour-ambassadeur-piccard-agace\">\u00abLes pauvres investisseurs\u00bb romands de cette entreprise sont en col\u00e8re<\/a><\/p>\n\n\n\n<p>24 novembre, RTS Info:&nbsp;<a href=\"https:\/\/www.rts.ch\/info\/economie\/2024\/article\/faillite-de-prime-energy-entre-la-fausse-promesse-100-vert-et-la-remuneration-de-bertrand-piccard-28704563.html\">Faillite de Prime Energy: entre la fausse promesse \u00ab&nbsp;100% vert&nbsp;\u00bb et la r\u00e9mun\u00e9ration de Bertrand Piccard<\/a><\/p>\n\n\n\n<p>24 novembre, RTS Mise au point :&nbsp;<a href=\"https:\/\/www.rts.ch\/play\/tv\/-\/video\/-?urn=urn:rts:video:15308941\">La faillite de Primenergy Cleantech<\/a>&nbsp;et&nbsp;<a href=\"https:\/\/www.rts.ch\/play\/tv\/-\/video\/-?urn=urn:rts:video:15308944\">Interview de Bertrand Picard<\/a><\/p>\n\n\n\n<p>20 novembre, Le temps:&nbsp;<a href=\"https:\/\/www.letemps.ch\/economie\/finance\/faillite-de-primeenergy-comment-les-creanciers-peuvent-esperer-recuperer-de-l-argent\">Faillite de PrimeEnergy: comment les cr\u00e9anciers peuvent esp\u00e9rer r\u00e9cup\u00e9rer de l\u2019argent<\/a><\/p>\n\n\n\n<p>18 novembre, Tribune de Gen\u00e8ve:&nbsp;<a href=\"https:\/\/www.tdg.ch\/primeenergy-bertrand-piccard-informe-des-problemes-des-mars-327748942112\">Bertrand Piccard \u00e9tait inform\u00e9 des difficult\u00e9s de PrimeEnergy d\u00e8s mars<\/a><\/p>\n\n\n\n<p>18 novembre, Tribune de Gen\u00e8ve:&nbsp;<a href=\"https:\/\/www.tdg.ch\/primeenergy-cleantech-officiellement-declaree-en-faillite-439473601628\">PrimeEnergy Cleantech officiellement d\u00e9clar\u00e9e en faillite<\/a><\/p>\n\n\n\n<p>18 novembre, La C\u00f4te:&nbsp;<a href=\"https:\/\/www.lacote.ch\/suisse\/photovoltaique-lentreprise-primeenergy-cleantech-est-officiellement-en-faillite-1428030\">Photovolta\u00efque: l\u2019entreprise PrimeEnergy Cleantech est officiellement en faillite<\/a><\/p>\n\n\n\n<p>18 novrembre. 24Heures:&nbsp;<a href=\"https:\/\/www.24heures.ch\/primeenergy-bertrand-piccard-informe-des-problemes-des-mars-327748942112\">Bertrand Piccard \u00e9tait inform\u00e9 des difficult\u00e9s de PrimeEnergy d\u00e8s mars<\/a><\/p>\n\n\n\n<p>17 novembre, Le Temps:&nbsp;<a href=\"https:\/\/www.letemps.ch\/articles\/primeenergy-une-clarification-obscure-mais-qui-pourrait-s-eclaircir\/gifts\/qQH1ZcDwef2GQWzSntvVhGVXh5USxns79eseEbKa\">PrimeEnergy: une clarification obscure (mais qui pourrait s\u2019\u00e9claircir)<\/a><\/p>\n\n\n\n<p>16 novembre, 20 minutes:&nbsp;<a href=\"https:\/\/www.20min.ch\/fr\/story\/economie-debacle-de-primeenergy-le-ver-etait-dans-le-fruit-depuis-2022-103221181\">D\u00e9b\u00e2cle de PrimeEnergy: le ver \u00e9tait dans le fruit depuis 2022<\/a><\/p>\n\n\n\n<p>14 novembre, Le Temps:&nbsp;<a href=\"https:\/\/www.letemps.ch\/economie\/primeenergy-cleantech-a-perdu-50-millions-de-francs-au-premier-semestre\">PrimeEnergy Cleantech a perdu 50&nbsp;millions de francs au premier semestre<\/a><\/p>\n\n\n\n<p>8 novembre, le Temps:&nbsp;<a href=\"https:\/\/www.letemps.ch\/economie\/finance\/primeenergy-cleantech-l-actionnaire-endette-s-estime-victime-d-un-complot\">PrimeEnergy Cleantech: l\u2019actionnaire endett\u00e9 s\u2019estime victime d\u2019un complot<\/a><\/p>\n\n\n\n<p>8 novembre, 20 minutes:&nbsp;<a href=\"https:\/\/www.20min.ch\/fr\/story\/economie-krach-de-primeenergy-l-argent-ne-circulait-pas-a-sens-unique-103217538\">Krach de PrimeEnergy: \u00abL\u2019argent ne circulait pas \u00e0 sens unique\u00bb<\/a><\/p>\n\n\n\n<p>6 novembre, Le temps:&nbsp;<a href=\"https:\/\/www.letemps.ch\/articles\/la-faillite-parait-inevitable-pour-primeenergy-cleantech\/gifts\/HE2hRiW42NRtHkK28KWU6WZXM96fpNqbbvQYULF4\">La faillite para\u00eet in\u00e9vitable pour PrimeEnergy Cleantech<\/a><\/p>\n\n\n\n<p>6 novembre, 20 minutes:&nbsp;<a href=\"https:\/\/www.20min.ch\/fr\/story\/debacle-de-primeenergy-cleantech-un-specialiste-des-faillites-arrive-a-la-tete-des-filiales-103215926\">Un sp\u00e9cialiste des faillites arrive \u00e0 la t\u00eate des filiales<\/a><\/p>\n\n\n\n<p>6 novembre, 20 minutes:&nbsp;<a href=\"https:\/\/www.20min.ch\/fr\/story\/economie-primeenergy-cleantech-le-plan-de-bertrand-piccard-est-mort-ne-103216801\">PrimeEnergy Cleantech: le plan de Bertrand Piccard est mort-n\u00e9<\/a><\/p>\n\n\n\n<p>5 novembre, le Temps:&nbsp;<a href=\"https:\/\/www.letemps.ch\/economie\/finance\/crise-chez-primeenergy-un-avocat-specialiste-des-faillites-arrive-dans-les-quatre-societes-concernees\">Crise chez PrimeEnergy: un avocat sp\u00e9cialiste des faillites arrive dans quatre filiales<\/a><\/p>\n\n\n\n<p>5 novembre, Combourse:&nbsp;<a href=\"https:\/\/www.combourse.com\/News\/Crise_chez_PrimeEnergy_un_avocat_specialiste_des_faillites_arrive_dans_les_quatre_societes_concernees__3057044.html\">Crise chez PrimeEnergy: un avocat sp\u00e9cialiste des faillites arrive dans les quatre soci\u00e9t\u00e9s concern\u00e9es<\/a><br>31 octobre, RTS:&nbsp;<a href=\"https:\/\/www.rts.ch\/info\/suisse\/2024\/article\/premiere-plainte-deposee-a-bale-apres-la-faillite-annoncee-de-prime-energy-cleantech-28680902.html\">Premi\u00e8re plainte d\u00e9pos\u00e9e \u00e0 B\u00e2le apr\u00e8s la faillite annonc\u00e9e de Prime Energy Cleantech<\/a><\/p>\n\n\n\n<p>31 octobre, Le Nouvelliste:&nbsp;<a href=\"https:\/\/www.lenouvelliste.ch\/suisse\/faillite-annoncee-de-prime-energy-cleantech-une-premiere-plainte-deposee-a-bale-campagne-1425351\">Faillite annonc\u00e9e de Prime Energy Cleantech: une premi\u00e8re plainte d\u00e9pos\u00e9e \u00e0 B\u00e2le-Campagne<\/a><\/p>\n\n\n\n<p>31 octobre, 20 minutes:&nbsp;<a href=\"https:\/\/www.20min.ch\/fr\/story\/geneve-le-plan-de-bertrand-piccard-pour-sauver-les-epargnants-floues-103211770\">Le plan de Bertrand Piccard pour sauver les \u00e9pargnants flou\u00e9s<\/a><\/p>\n\n\n\n<p>31 octobre, Le Matin:&nbsp;<a href=\"https:\/\/www.lematin.ch\/story\/geneve-piccard-se-dit-honteux-face-aux-petits-investisseurs-inquiets-103212009\">Piccard se dit \u00abhonteux\u00bb face aux petits investisseurs inquiets<\/a><\/p>\n\n\n\n<p>31 octobre, Blue news:&nbsp;<a href=\"https:\/\/www.bluewin.ch\/fr\/infos\/economie\/prime-energy-cleantech-une-plainte-d-pos-e-b-le-campagne-2428586.html\">Prime Energy Cleantech: une plainte d\u00e9pos\u00e9e | blue News<\/a><\/p>\n\n\n\n<p>30 octobre, Le Temps:&nbsp;<a href=\"https:\/\/www.letemps.ch\/economie\/finance\/primeenergy-cleantech-anatomie-d-une-explosion-en-vol\">PrimeEnergy Cleantech: anatomie d\u2019une explosion en vol<\/a><\/p>\n\n\n\n<p>29 octobre, TDG:&nbsp;<a href=\"https:\/\/www.tdg.ch\/geneve-ou-est-passe-largent-de-la-debacle-primeenergy-541171933787\">Gen\u00e8ve: o\u00f9 est pass\u00e9 l\u2019argent de la d\u00e9b\u00e2cle PrimeEnergy?<\/a><\/p>\n\n\n\n<p>29 octobre, RTS:&nbsp;<a href=\"https:\/\/www.rts.ch\/info\/economie\/2024\/article\/les-investisseurs-romands-de-primeenergy-cleantech-s-unissent-pour-saisir-la-justice-28678375.html\">Les investisseurs romands de PrimeEnergy Cleantech s\u2019unissent pour saisir la justice<\/a><\/p>\n\n\n\n<p>29 octobre, RTS:&nbsp;<a href=\"https:\/\/www.rts.ch\/play\/tv\/19h30\/video\/des-centaines-de-romands-sont-victimes-de-la-faillite-annoncee-par-primeenergy-cleantech-une-societe-specialisee-dans-les-energies-renouvelables?urn=urn:rts:video:15254733\">Des centaines de Romands sont victimes de la faillite annonc\u00e9e par PrimeEnergy Cleantech, une soci\u00e9t\u00e9 sp\u00e9cialis\u00e9e dans les \u00e9nergies renouvelables<\/a><\/p>\n\n\n\n<p>26 octobre, TDG:&nbsp;<a href=\"https:\/\/www.tdg.ch\/geneve-un-investissement-vert-tourne-au-cauchemar-financier-149610681754\">Gen\u00e8ve: un investissement vert tourne au cauchemar financier<\/a><\/p>\n\n\n\n<p>21 octobre, 20 minutes:&nbsp;<a href=\"https:\/\/www.20min.ch\/fr\/story\/geneve-pillee-par-l-actionnaire-une-societe-plombe-les-epargnants-103205845\">Pill\u00e9e par l\u2019actionnaire, une soci\u00e9t\u00e9 plombe les \u00e9pargnants<\/a><\/p>\n\n\n\n<p>11 octobre, 20 minutes :&nbsp;<a href=\"https:\/\/www.20min.ch\/fr\/story\/geneve-une-societe-liee-a-bertrand-piccard-en-eaux-troubles-103200321\">Une soci\u00e9t\u00e9 soutenue par Bertrand Piccard en eaux troubles<\/a><\/p>\n","protected":false},"excerpt":{"rendered":"<p>31 mars 2026, L\u00e9man bleu: Prime Energy : Le conte de F\u00e4h se poursuit 27 mars 2026, 20 Minutes: La s\u0153ur du propri\u00e9taire de PrimeEnergy plac\u00e9e en d\u00e9tention 22 mars2026, 20 Minutes: L\u2019actionnaire principal en bien mauvaise posture 22 mars 2026, Tribune de Gen\u00e8ve: L\u2019\u00e9tau se resserre sur l\u2019actionnaire principal de PrimeEnergy 13 mars 2026, [&hellip;]<\/p>\n","protected":false},"author":1,"featured_media":0,"parent":0,"menu_order":0,"comment_status":"closed","ping_status":"closed","template":"","meta":{"footnotes":""},"class_list":["post-32","page","type-page","status-publish","hentry"],"_links":{"self":[{"href":"https:\/\/l-pec.dynv6.net\/index.php\/wp-json\/wp\/v2\/pages\/32","targetHints":{"allow":["GET"]}}],"collection":[{"href":"https:\/\/l-pec.dynv6.net\/index.php\/wp-json\/wp\/v2\/pages"}],"about":[{"href":"https:\/\/l-pec.dynv6.net\/index.php\/wp-json\/wp\/v2\/types\/page"}],"author":[{"embeddable":true,"href":"https:\/\/l-pec.dynv6.net\/index.php\/wp-json\/wp\/v2\/users\/1"}],"replies":[{"embeddable":true,"href":"https:\/\/l-pec.dynv6.net\/index.php\/wp-json\/wp\/v2\/comments?post=32"}],"version-history":[{"count":16,"href":"https:\/\/l-pec.dynv6.net\/index.php\/wp-json\/wp\/v2\/pages\/32\/revisions"}],"predecessor-version":[{"id":64,"href":"https:\/\/l-pec.dynv6.net\/index.php\/wp-json\/wp\/v2\/pages\/32\/revisions\/64"}],"wp:attachment":[{"href":"https:\/\/l-pec.dynv6.net\/index.php\/wp-json\/wp\/v2\/media?parent=32"}],"curies":[{"name":"wp","href":"https:\/\/api.w.org\/{rel}","templated":true}]}}