{"id":42,"date":"2026-02-07T17:40:10","date_gmt":"2026-02-07T16:40:10","guid":{"rendered":"https:\/\/l-pec.dynv6.net\/?page_id=42"},"modified":"2026-02-07T17:40:10","modified_gmt":"2026-02-07T16:40:10","slug":"faut-il-faire-intervenir-un-avocat","status":"publish","type":"page","link":"https:\/\/l-pec.dynv6.net\/index.php\/faut-il-faire-intervenir-un-avocat\/","title":{"rendered":"Faut il faire intervenir un avocat?"},"content":{"rendered":"\n<p>Quelques pistes \u00e0 r\u00e9fl\u00e9chir:<\/p>\n\n\n\n<ul class=\"wp-block-list\">\n<li>La recherche de fautes et leur punition sont assur\u00e9s par le minist\u00e8re public.<\/li>\n\n\n\n<li>Les int\u00e9r\u00eats des porteurs d&rsquo;obligations sont d\u00e9fendu par l&rsquo;office des faillites.<\/li>\n\n\n\n<li>Donc pas d&rsquo;utilit\u00e9 flagrante en ce moment pour les porteurs d&rsquo;obligation(s) venant de PrimeEnergy Cleantech<\/li>\n\n\n\n<li>Pour ceux qui en voient l&rsquo;utilit\u00e9 mais ne veulent pas payer trop, adh\u00e9rez \u00e0 <a href=\"https:\/\/alpec-association.ch\/register\/inscription-initiale\/\">ALPEC<\/a><\/li>\n<\/ul>\n\n\n\n<p><\/p>\n","protected":false},"excerpt":{"rendered":"<p>Quelques pistes \u00e0 r\u00e9fl\u00e9chir:<\/p>\n","protected":false},"author":1,"featured_media":0,"parent":0,"menu_order":0,"comment_status":"closed","ping_status":"closed","template":"","meta":{"footnotes":""},"class_list":["post-42","page","type-page","status-publish","hentry"],"_links":{"self":[{"href":"https:\/\/l-pec.dynv6.net\/index.php\/wp-json\/wp\/v2\/pages\/42","targetHints":{"allow":["GET"]}}],"collection":[{"href":"https:\/\/l-pec.dynv6.net\/index.php\/wp-json\/wp\/v2\/pages"}],"about":[{"href":"https:\/\/l-pec.dynv6.net\/index.php\/wp-json\/wp\/v2\/types\/page"}],"author":[{"embeddable":true,"href":"https:\/\/l-pec.dynv6.net\/index.php\/wp-json\/wp\/v2\/users\/1"}],"replies":[{"embeddable":true,"href":"https:\/\/l-pec.dynv6.net\/index.php\/wp-json\/wp\/v2\/comments?post=42"}],"version-history":[{"count":1,"href":"https:\/\/l-pec.dynv6.net\/index.php\/wp-json\/wp\/v2\/pages\/42\/revisions"}],"predecessor-version":[{"id":44,"href":"https:\/\/l-pec.dynv6.net\/index.php\/wp-json\/wp\/v2\/pages\/42\/revisions\/44"}],"wp:attachment":[{"href":"https:\/\/l-pec.dynv6.net\/index.php\/wp-json\/wp\/v2\/media?parent=42"}],"curies":[{"name":"wp","href":"https:\/\/api.w.org\/{rel}","templated":true}]}}